{"id":19763,"date":"2026-01-10T20:08:18","date_gmt":"2026-01-10T19:08:18","guid":{"rendered":"https:\/\/swingingmontpellier.fr\/about-us\/"},"modified":"2026-03-08T10:52:03","modified_gmt":"2026-03-08T09:52:03","slug":"about-us","status":"publish","type":"page","link":"https:\/\/swingingmontpellier.fr\/en\/about-us\/","title":{"rendered":"About us"},"content":{"rendered":"<p>[et_pb_section fb_built=&#8221;1&#8243; _builder_version=&#8221;4.27.5&#8243; _module_preset=&#8221;default&#8221; background_color=&#8221;#E1C8B2&#8243; custom_padding=&#8221;20px||||false|false&#8221; global_colors_info=&#8221;{}&#8221;][et_pb_row _builder_version=&#8221;4.27.4&#8243; _module_preset=&#8221;default&#8221; custom_margin=&#8221;||||false|false&#8221; custom_padding=&#8221;0px||0px||true|false&#8221; global_colors_info=&#8221;{}&#8221;][et_pb_column type=&#8221;4_4&#8243; _builder_version=&#8221;4.27.4&#8243; _module_preset=&#8221;default&#8221; global_colors_info=&#8221;{}&#8221;][et_pb_text _builder_version=&#8221;4.27.5&#8243; _module_preset=&#8221;default&#8221; header_font=&#8221;&#8211;et_global_body_font|600|||||||&#8221; header_text_color=&#8221;#FFFFFF&#8221; background_color=&#8221;#529BCF&#8221; custom_padding=&#8221;10px||0px|20px|false|false&#8221; global_colors_info=&#8221;{}&#8221;]<\/p>\n<h1>The Swinging Montpellier Festival is\u2026<\/h1>\n<p>[\/et_pb_text][\/et_pb_column][\/et_pb_row][et_pb_row column_structure=&#8221;1_3,1_3,1_3&#8243; make_equal=&#8221;on&#8221; _builder_version=&#8221;4.27.4&#8243; _module_preset=&#8221;default&#8221; global_colors_info=&#8221;{}&#8221;][et_pb_column type=&#8221;1_3&#8243; _builder_version=&#8221;4.27.4&#8243; _module_preset=&#8221;default&#8221; custom_padding=&#8221;1%|1%|1%|1%|true|true&#8221; custom_padding_tablet=&#8221;1%|1%|1%|1%|true|true&#8221; custom_padding_phone=&#8221;0%|0%|0%|0%|true|true&#8221; custom_padding_last_edited=&#8221;on|phone&#8221; custom_css_main_element=&#8221;display:flex;||flex-direction:column;&#8221; box_shadow_style=&#8221;preset1&#8243; global_colors_info=&#8221;{}&#8221;][et_pb_image src=&#8221;https:\/\/swingingmontpellier.fr\/wp-content\/uploads\/2026\/01\/masterclass-josette-wiggan-swinging-montpellier-2026-600_600-2.jpg&#8221; alt=&#8221;Lindy Hop and Solo Jazz Masterclasses Swinging Montpellier Festival 2025, Saturday, July 19 and Sunday, July 20, 2025 (Promenade du Peyrou, Montpellier, France)&#8221; title_text=&#8221;masterclass-josette-wiggan-swinging-montpellier-2026-600_600 (2)&#8221; _builder_version=&#8221;4.27.5&#8243; _module_preset=&#8221;default&#8221; global_colors_info=&#8221;{}&#8221;][\/et_pb_image][et_pb_text _builder_version=&#8221;4.27.5&#8243; _module_preset=&#8221;default&#8221; text_font=&#8221;||||||||&#8221; header_font=&#8221;Abril Fatface|||on|||||&#8221; header_2_font=&#8221;||||||||&#8221; module_alignment=&#8221;center&#8221; custom_padding=&#8221;|1%||1%|false|true&#8221; locked=&#8221;off&#8221; global_colors_info=&#8221;{}&#8221;]<\/p>\n<h2 style=\"text-align: center;\">Masterclasses &amp; initiations<\/h2>\n<p style=\"text-align: center;\">2 jours (samedi et dimanche) de masterclass de Lindy Hop et de Solo Jazz avec des danseurs internationaux d&#8217;exception de Lindy hop et de jazz roots : Korantema Anyimadu (UK), Stephen Atemie (UK), Angela Andrew (UK), Bianca Locatelli (Italie), Nils Andr\u00e9n (Su\u00e8de), Josette Wiggan (Etats-Unis), Claudia Fonte (Espagne), Coleen Avril(France), Felipe Braga (Br\u00e9sil), Marion Quesne (France), Sylvain Guiheneuc (France) et R\u00e9my Kouakou Kouam\u00e9 (France).<\/p>\n<p style=\"text-align: center;\">And every day from Thursday to Sunday at 5:30pm, free initiations&#8230;<\/p>\n<p>[\/et_pb_text][\/et_pb_column][et_pb_column type=&#8221;1_3&#8243; _builder_version=&#8221;4.27.4&#8243; _module_preset=&#8221;default&#8221; custom_padding=&#8221;1%|1%|1%|1%|true|true&#8221; custom_padding_tablet=&#8221;1%|1%|1%|1%|true|true&#8221; custom_padding_phone=&#8221;0%|0%|0%|0%|true|true&#8221; custom_padding_last_edited=&#8221;on|phone&#8221; custom_css_main_element=&#8221;display:flex;||flex-direction:column;&#8221; box_shadow_style=&#8221;preset1&#8243; global_colors_info=&#8221;{}&#8221;][et_pb_image src=&#8221;https:\/\/swingingmontpellier.fr\/wp-content\/uploads\/2026\/01\/competition-battle-swinging-montpellier-2026-600_600.jpg&#8221; alt=&#8221;Ella Fitzgerald Choreographic Competition as part of the Swinging Montpellier Festival 2025&#8243; title_text=&#8221;comp\u00e9tition-battle-swinging-montpellier-2026-600_600&#8243; _builder_version=&#8221;4.27.5&#8243; _module_preset=&#8221;default&#8221; global_colors_info=&#8221;{}&#8221;][\/et_pb_image][et_pb_text _builder_version=&#8221;4.27.5&#8243; _module_preset=&#8221;default&#8221; text_font=&#8221;||||||||&#8221; header_font=&#8221;|||on|||||&#8221; header_2_font=&#8221;||||||||&#8221; module_alignment=&#8221;center&#8221; custom_padding=&#8221;|1%||1%|false|true&#8221; locked=&#8221;off&#8221; global_colors_info=&#8221;{}&#8221;]<\/p>\n<h2 style=\"text-align: center;\">Competitions<\/h2>\n<p style=\"text-align: center;\"><strong>Two flagship competitions:<\/strong><\/p>\n<p style=\"text-align: center;\"><strong>The Choreographic Competition<\/strong> (Friday evening) invites dancers to create a two-minute choreography to a piece by a jazz icon such as Ella Fitzgerald in 2025 or Count Basie in 2024.<br \/><strong>This year, Duke Ellington&#8217;s repertoire will be featured&#8230;<\/strong><\/p>\n<p style=\"text-align: center;\"><strong>The Jazz vs All Styles Battle <\/strong>(Sunday evening), which pits jazz dancers against dancers from other styles (such as Hip Hop, for example) in an improvised showdown to jazz and pop music tracks carefully selected by a DJ.<\/p>\n<p>[\/et_pb_text][\/et_pb_column][et_pb_column type=&#8221;1_3&#8243; _builder_version=&#8221;4.27.4&#8243; _module_preset=&#8221;default&#8221; custom_padding=&#8221;1%|1%|1%|1%|true|true&#8221; custom_padding_tablet=&#8221;1%|1%|1%|1%|true|true&#8221; custom_padding_phone=&#8221;0%|0%|0%|0%|true|true&#8221; custom_padding_last_edited=&#8221;on|phone&#8221; custom_css_main_element=&#8221;display:flex;||flex-direction:column;&#8221; box_shadow_style=&#8221;preset1&#8243; global_colors_info=&#8221;{}&#8221;][et_pb_image src=&#8221;https:\/\/swingingmontpellier.fr\/wp-content\/uploads\/2026\/01\/soirees-concerts-swinging-montpellier-2026-600_600.jpg&#8221; alt=&#8221;Free Parties Swinging Montpellier Festival&#8221; title_text=&#8221;soir\u00e9es-concerts-swinging-montpellier-2026-600_600&#8243; _builder_version=&#8221;4.27.5&#8243; _module_preset=&#8221;default&#8221; global_colors_info=&#8221;{}&#8221;][\/et_pb_image][et_pb_text _builder_version=&#8221;4.27.5&#8243; _module_preset=&#8221;default&#8221; text_font=&#8221;||||||||&#8221; header_font=&#8221;|||on|||||&#8221; header_2_font=&#8221;||||||||&#8221; module_alignment=&#8221;center&#8221; custom_padding=&#8221;|1%||1%|false|true&#8221; locked=&#8221;off&#8221; global_colors_info=&#8221;{}&#8221;]<\/p>\n<h2 style=\"text-align: center;\">Free evenings &amp; concerts<\/h2>\n<p style=\"text-align: center;\">4 free parties from Thursday to Sunday evening (swing dances under the stars) and 2 after-parties (Friday and Saturday evening) feature internationally renowned orchestras (the Carolina Reapers Swing, the Hot Swing Sextet, the Swing Up Orchestra&#8230;).<\/p>\n<p style=\"text-align: center;\">The after-parties are held at the Jost Hotel and are hosted by a DJ.<\/p>\n<p>[\/et_pb_text][\/et_pb_column][\/et_pb_row][\/et_pb_section]<\/p>\n","protected":false},"excerpt":{"rendered":"<p>The Swinging Montpellier Festival is\u2026Masterclasses &amp; initiations 2 jours (samedi et dimanche) de masterclass de Lindy Hop et de Solo Jazz avec des danseurs internationaux d&#8217;exception de Lindy hop et de jazz roots : Korantema Anyimadu (UK), Stephen Atemie (UK), Angela Andrew (UK), Bianca Locatelli (Italie), Nils Andr\u00e9n (Su\u00e8de), Josette Wiggan (Etats-Unis), Claudia Fonte (Espagne), Coleen Avril(France), Felipe Braga (Br\u00e9sil), Marion Quesne (France), Sylvain Guiheneuc (France) et R\u00e9my Kouakou Kouam\u00e9 (France). And every day from Thursday to Sunday at 5:30pm, free initiations&#8230;Competitions Two flagship competitions: The Choreographic Competition (Friday evening) invites dancers to create a two-minute choreography to a piece by a jazz icon such as Ella Fitzgerald in 2025 or Count Basie in 2024.This year, Duke Ellington&#8217;s repertoire will be featured&#8230; The Jazz vs All Styles Battle (Sunday evening), which pits jazz dancers against dancers from other styles (such as Hip Hop, for example) in an improvised showdown to jazz and pop music tracks carefully selected by a DJ.Free evenings &amp; concerts 4 free parties from Thursday to Sunday evening (swing dances under the stars) and 2 after-parties (Friday and Saturday evening) feature internationally renowned orchestras (the Carolina Reapers Swing, the Hot Swing Sextet, the Swing Up Orchestra&#8230;). The [&hellip;]<\/p>\n","protected":false},"author":1,"featured_media":0,"parent":0,"menu_order":0,"comment_status":"closed","ping_status":"closed","template":"","meta":{"_et_pb_use_builder":"on","_et_pb_old_content":"","_et_gb_content_width":"","footnotes":""},"class_list":["post-19763","page","type-page","status-publish","hentry"],"_links":{"self":[{"href":"https:\/\/swingingmontpellier.fr\/en\/wp-json\/wp\/v2\/pages\/19763","targetHints":{"allow":["GET"]}}],"collection":[{"href":"https:\/\/swingingmontpellier.fr\/en\/wp-json\/wp\/v2\/pages"}],"about":[{"href":"https:\/\/swingingmontpellier.fr\/en\/wp-json\/wp\/v2\/types\/page"}],"author":[{"embeddable":true,"href":"https:\/\/swingingmontpellier.fr\/en\/wp-json\/wp\/v2\/users\/1"}],"replies":[{"embeddable":true,"href":"https:\/\/swingingmontpellier.fr\/en\/wp-json\/wp\/v2\/comments?post=19763"}],"version-history":[{"count":6,"href":"https:\/\/swingingmontpellier.fr\/en\/wp-json\/wp\/v2\/pages\/19763\/revisions"}],"predecessor-version":[{"id":20218,"href":"https:\/\/swingingmontpellier.fr\/en\/wp-json\/wp\/v2\/pages\/19763\/revisions\/20218"}],"wp:attachment":[{"href":"https:\/\/swingingmontpellier.fr\/en\/wp-json\/wp\/v2\/media?parent=19763"}],"curies":[{"name":"wp","href":"https:\/\/api.w.org\/{rel}","templated":true}]}}